{"id":329,"date":"2023-10-10T21:18:46","date_gmt":"2023-10-10T19:18:46","guid":{"rendered":"https:\/\/juton.net\/contacto\/"},"modified":"2023-10-11T13:49:50","modified_gmt":"2023-10-11T11:49:50","slug":"contato","status":"publish","type":"page","link":"https:\/\/juton.net\/pt\/contato\/","title":{"rendered":"Contato"},"content":{"rendered":"\t\t<div data-elementor-type=\"wp-page\" data-elementor-id=\"329\" class=\"elementor elementor-329 elementor-155\" data-elementor-post-type=\"page\">\n\t\t\t\t\t\t\t\t\t<section class=\"elementor-section elementor-top-section elementor-element elementor-element-5296010 elementor-section-boxed elementor-section-height-default elementor-section-height-default parallax_section_no qode_elementor_container_no\" data-id=\"5296010\" data-element_type=\"section\">\n\t\t\t\t\t\t<div class=\"elementor-container elementor-column-gap-default\">\n\t\t\t\t\t<div class=\"elementor-column elementor-col-50 elementor-top-column elementor-element elementor-element-dcc02bf\" data-id=\"dcc02bf\" data-element_type=\"column\">\n\t\t\t<div class=\"elementor-widget-wrap elementor-element-populated\">\n\t\t\t\t\t\t\t\t<div class=\"elementor-element elementor-element-2a7e564 elementor-widget elementor-widget-heading\" data-id=\"2a7e564\" data-element_type=\"widget\" data-widget_type=\"heading.default\">\n\t\t\t\t<div class=\"elementor-widget-container\">\n\t\t\t<style>\/*! elementor - v3.16.0 - 09-10-2023 *\/\n.elementor-heading-title{padding:0;margin:0;line-height:1}.elementor-widget-heading .elementor-heading-title[class*=elementor-size-]>a{color:inherit;font-size:inherit;line-height:inherit}.elementor-widget-heading .elementor-heading-title.elementor-size-small{font-size:15px}.elementor-widget-heading .elementor-heading-title.elementor-size-medium{font-size:19px}.elementor-widget-heading .elementor-heading-title.elementor-size-large{font-size:29px}.elementor-widget-heading .elementor-heading-title.elementor-size-xl{font-size:39px}.elementor-widget-heading .elementor-heading-title.elementor-size-xxl{font-size:59px}<\/style><h2 class=\"elementor-heading-title elementor-size-default\">Voc\u00ea nos encontrar\u00e1 em:<\/h2>\t\t<\/div>\n\t\t\t\t<\/div>\n\t\t\t\t<div class=\"elementor-element elementor-element-239684b elementor-widget elementor-widget-google_maps\" data-id=\"239684b\" data-element_type=\"widget\" data-widget_type=\"google_maps.default\">\n\t\t\t\t<div class=\"elementor-widget-container\">\n\t\t\t<style>\/*! elementor - v3.16.0 - 09-10-2023 *\/\n.elementor-widget-google_maps .elementor-widget-container{overflow:hidden}.elementor-widget-google_maps .elementor-custom-embed{line-height:0}.elementor-widget-google_maps iframe{height:300px}<\/style>\t\t<div class=\"elementor-custom-embed\">\n\t\t\t<iframe loading=\"lazy\"\n\t\t\t\t\tsrc=\"https:\/\/maps.google.com\/maps?q=juton%20Ctra.%20Cox-Callosa%2C%2021-23%2C%2003350%20Cox%2C%20Alicante%2C%20Espa%C3%B1a&#038;t=m&#038;z=12&#038;output=embed&#038;iwloc=near\"\n\t\t\t\t\ttitle=\"juton Ctra. Cox-Callosa, 21-23, 03350 Cox, Alicante, Espa\u00f1a\"\n\t\t\t\t\taria-label=\"juton Ctra. Cox-Callosa, 21-23, 03350 Cox, Alicante, Espa\u00f1a\"\n\t\t\t><\/iframe>\n\t\t<\/div>\n\t\t\t\t<\/div>\n\t\t\t\t<\/div>\n\t\t\t\t\t<\/div>\n\t\t<\/div>\n\t\t\t\t<div class=\"elementor-column elementor-col-50 elementor-top-column elementor-element elementor-element-9733ba3\" data-id=\"9733ba3\" data-element_type=\"column\">\n\t\t\t<div class=\"elementor-widget-wrap elementor-element-populated\">\n\t\t\t\t\t\t\t\t<div class=\"elementor-element elementor-element-2443156 elementor-widget elementor-widget-heading\" data-id=\"2443156\" data-element_type=\"widget\" data-widget_type=\"heading.default\">\n\t\t\t\t<div class=\"elementor-widget-container\">\n\t\t\t<h2 class=\"elementor-heading-title elementor-size-default\">Preencha o formul\u00e1rio com suas d\u00favidas sobre produtos, distribui\u00e7\u00e3o...<\/h2>\t\t<\/div>\n\t\t\t\t<\/div>\n\t\t\t\t<div class=\"elementor-element elementor-element-2987fe5 elementor-widget elementor-widget-bridge_cf_7\" data-id=\"2987fe5\" data-element_type=\"widget\" data-widget_type=\"bridge_cf_7.default\">\n\t\t\t\t<div class=\"elementor-widget-container\">\n\t\t\t    <div class=\"qode-contact-form-7 qode-contact-form-7-0\">\n    \n<div class=\"wpcf7 no-js\" id=\"wpcf7-f327-o1\" lang=\"pt-PT\" dir=\"ltr\">\n<div class=\"screen-reader-response\"><p role=\"status\" aria-live=\"polite\" aria-atomic=\"true\"><\/p> <ul><\/ul><\/div>\n<form action=\"\/pt\/wp-json\/wp\/v2\/pages\/329#wpcf7-f327-o1\" method=\"post\" class=\"wpcf7-form init cf7_custom_style_2\" aria-label=\"Formul\u00e1rio de contacto\" novalidate=\"novalidate\" data-status=\"init\">\n<div style=\"display: none;\">\n<input type=\"hidden\" name=\"_wpcf7\" value=\"327\" \/>\n<input type=\"hidden\" name=\"_wpcf7_version\" value=\"5.8\" \/>\n<input type=\"hidden\" name=\"_wpcf7_locale\" value=\"pt_PT\" \/>\n<input type=\"hidden\" name=\"_wpcf7_unit_tag\" value=\"wpcf7-f327-o1\" \/>\n<input type=\"hidden\" name=\"_wpcf7_container_post\" value=\"0\" \/>\n<input type=\"hidden\" name=\"_wpcf7_posted_data_hash\" value=\"\" \/>\n<input type=\"hidden\" name=\"_wpcf7_recaptcha_response\" value=\"\" \/>\n<\/div>\n<label> <span class=\"wpcf7-form-control-wrap\" data-name=\"your-name\"><input size=\"40\" class=\"wpcf7-form-control wpcf7-text wpcf7-validates-as-required\" autocomplete=\"name\" aria-required=\"true\" aria-invalid=\"false\" placeholder=\"O seu nome\" value=\"\" type=\"text\" name=\"your-name\" \/><\/span> <\/label>\n\n<label> <span class=\"wpcf7-form-control-wrap\" data-name=\"your-email\"><input size=\"40\" class=\"wpcf7-form-control wpcf7-email wpcf7-validates-as-required wpcf7-text wpcf7-validates-as-email\" autocomplete=\"email\" aria-required=\"true\" aria-invalid=\"false\" placeholder=\"O seu email\" value=\"\" type=\"email\" name=\"your-email\" \/><\/span> <\/label>\n\n<label> <span class=\"wpcf7-form-control-wrap\" data-name=\"your-subject\"><input size=\"40\" class=\"wpcf7-form-control wpcf7-text wpcf7-validates-as-required\" aria-required=\"true\" aria-invalid=\"false\" placeholder=\"Assunto\" value=\"\" type=\"text\" name=\"your-subject\" \/><\/span> <\/label>\n\n<label> <span class=\"wpcf7-form-control-wrap\" data-name=\"your-message\"><textarea cols=\"40\" rows=\"10\" class=\"wpcf7-form-control wpcf7-textarea\" aria-invalid=\"false\" placeholder=\"A sua mensagem\" name=\"your-message\"><\/textarea><\/span> <\/label>\n\n<label><span class=\"wpcf7-form-control-wrap\" data-name=\"acceptance-10\"><span class=\"wpcf7-form-control wpcf7-acceptance\"><span class=\"wpcf7-list-item\"><label><input type=\"checkbox\" name=\"acceptance-10\" value=\"1\" aria-invalid=\"false\" \/><span class=\"wpcf7-list-item-label\">Aceito a <a href=\"\/tienda\/pt\/content\/6-politica-de-privacidade\" target=\"_blank\">pol\u00edtica de privacidade<\/a><\/span><\/label><\/span><\/span><\/span><\/label>\n<span class=\"wpcf7-form-control-wrap recaptcha\" data-name=\"recaptcha\"><span data-sitekey=\"6Lf5934UAAAAAKYKc2XL0FAE8HDk3YiC42Q87b9J\" class=\"wpcf7-form-control wpcf7-recaptcha g-recaptcha\"><\/span>\r\n<noscript>\r\n\t<div class=\"grecaptcha-noscript\">\r\n\t\t<iframe src=\"https:\/\/www.google.com\/recaptcha\/api\/fallback?k=6Lf5934UAAAAAKYKc2XL0FAE8HDk3YiC42Q87b9J\" frameborder=\"0\" scrolling=\"no\" width=\"310\" height=\"430\">\r\n\t\t<\/iframe>\r\n\t\t<textarea name=\"g-recaptcha-response\" rows=\"3\" cols=\"40\" placeholder=\"reCaptcha Response Here\">\r\n\t\t<\/textarea>\r\n\t<\/div>\r\n<\/noscript>\r\n<\/span>\n<br>\n<input class=\"wpcf7-form-control wpcf7-submit has-spinner\" type=\"submit\" value=\"Submeter\" \/><div class=\"wpcf7-response-output\" aria-hidden=\"true\"><\/div>\n<\/form>\n<\/div>\n    <\/div>\n\t\t<\/div>\n\t\t\t\t<\/div>\n\t\t\t\t\t<\/div>\n\t\t<\/div>\n\t\t\t\t\t\t\t<\/div>\n\t\t<\/section>\n\t\t\t\t<section class=\"elementor-section elementor-top-section elementor-element elementor-element-e02d14f elementor-section-boxed elementor-section-height-default elementor-section-height-default parallax_section_no qode_elementor_container_no\" data-id=\"e02d14f\" data-element_type=\"section\">\n\t\t\t\t\t\t<div class=\"elementor-container elementor-column-gap-default\">\n\t\t\t\t\t<div class=\"elementor-column elementor-col-100 elementor-top-column elementor-element elementor-element-4ac326f\" data-id=\"4ac326f\" data-element_type=\"column\">\n\t\t\t<div class=\"elementor-widget-wrap elementor-element-populated\">\n\t\t\t\t\t\t\t\t<div class=\"elementor-element elementor-element-f9b16be elementor-widget elementor-widget-image\" data-id=\"f9b16be\" data-element_type=\"widget\" data-widget_type=\"image.default\">\n\t\t\t\t<div class=\"elementor-widget-container\">\n\t\t\t<style>\/*! elementor - v3.16.0 - 09-10-2023 *\/\n.elementor-widget-image{text-align:center}.elementor-widget-image a{display:inline-block}.elementor-widget-image a img[src$=\".svg\"]{width:48px}.elementor-widget-image img{vertical-align:middle;display:inline-block}<\/style>\t\t\t\t\t\t\t\t\t\t\t\t<img decoding=\"async\" width=\"1024\" height=\"638\" src=\"https:\/\/juton.net\/wp-content\/uploads\/2023\/10\/5849701613_d47be8287b_o-1024x638.jpg\" class=\"attachment-large size-large wp-image-26\" alt=\"\" srcset=\"https:\/\/juton.net\/wp-content\/uploads\/2023\/10\/5849701613_d47be8287b_o-1024x638.jpg 1024w, https:\/\/juton.net\/wp-content\/uploads\/2023\/10\/5849701613_d47be8287b_o-300x187.jpg 300w, https:\/\/juton.net\/wp-content\/uploads\/2023\/10\/5849701613_d47be8287b_o-768x478.jpg 768w, https:\/\/juton.net\/wp-content\/uploads\/2023\/10\/5849701613_d47be8287b_o-1536x957.jpg 1536w, https:\/\/juton.net\/wp-content\/uploads\/2023\/10\/5849701613_d47be8287b_o-700x436.jpg 700w, https:\/\/juton.net\/wp-content\/uploads\/2023\/10\/5849701613_d47be8287b_o.jpg 1644w\" sizes=\"(max-width: 1024px) 100vw, 1024px\" \/>\t\t\t\t\t\t\t\t\t\t\t\t\t\t\t<\/div>\n\t\t\t\t<\/div>\n\t\t\t\t\t<\/div>\n\t\t<\/div>\n\t\t\t\t\t\t\t<\/div>\n\t\t<\/section>\n\t\t\t\t\t\t\t<\/div>\n\t\t","protected":false},"excerpt":{"rendered":"<p>Voc\u00ea nos encontrar\u00e1 em: Preencha o formul\u00e1rio com suas d\u00favidas sobre produtos, distribui\u00e7\u00e3o&#8230; Aceito a pol\u00edtica de privacidade<\/p>\n","protected":false},"author":1,"featured_media":0,"parent":0,"menu_order":0,"comment_status":"closed","ping_status":"closed","template":"full_width.php","meta":{"footnotes":""},"class_list":["post-329","page","type-page","status-publish","hentry"],"yoast_head":"<!-- This site is optimized with the Yoast SEO plugin v21.3 - https:\/\/yoast.com\/wordpress\/plugins\/seo\/ -->\n<title>Contato - Juton Accesorios, S.L. - Accesorios Custom, Naked y Racing<\/title>\n<meta name=\"robots\" content=\"index, follow, max-snippet:-1, max-image-preview:large, max-video-preview:-1\" \/>\n<link rel=\"canonical\" href=\"https:\/\/juton.net\/pt\/contato\/\" \/>\n<meta property=\"og:locale\" content=\"pt_PT\" \/>\n<meta property=\"og:type\" content=\"article\" \/>\n<meta property=\"og:title\" content=\"Contato - Juton Accesorios, S.L. - Accesorios Custom, Naked y Racing\" \/>\n<meta property=\"og:description\" content=\"Voc\u00ea nos encontrar\u00e1 em: Preencha o formul\u00e1rio com suas d\u00favidas sobre produtos, distribui\u00e7\u00e3o&#8230; Aceito a pol\u00edtica de privacidade\" \/>\n<meta property=\"og:url\" content=\"https:\/\/juton.net\/pt\/contato\/\" \/>\n<meta property=\"og:site_name\" content=\"Juton Accesorios, S.L. - Accesorios Custom, Naked y Racing\" \/>\n<meta property=\"article:modified_time\" content=\"2023-10-11T11:49:50+00:00\" \/>\n<meta property=\"og:image\" content=\"https:\/\/juton.net\/wp-content\/uploads\/2023\/10\/5849701613_d47be8287b_o-1024x638.jpg\" \/>\n<meta name=\"twitter:card\" content=\"summary_large_image\" \/>\n<meta name=\"twitter:label1\" content=\"Tempo estimado de leitura\" \/>\n\t<meta name=\"twitter:data1\" content=\"1 minuto\" \/>\n<script type=\"application\/ld+json\" class=\"yoast-schema-graph\">{\"@context\":\"https:\/\/schema.org\",\"@graph\":[{\"@type\":\"WebPage\",\"@id\":\"https:\/\/juton.net\/pt\/contato\/\",\"url\":\"https:\/\/juton.net\/pt\/contato\/\",\"name\":\"Contato - Juton Accesorios, S.L. - Accesorios Custom, Naked y Racing\",\"isPartOf\":{\"@id\":\"https:\/\/juton.net\/pt\/#website\"},\"datePublished\":\"2023-10-10T19:18:46+00:00\",\"dateModified\":\"2023-10-11T11:49:50+00:00\",\"breadcrumb\":{\"@id\":\"https:\/\/juton.net\/pt\/contato\/#breadcrumb\"},\"inLanguage\":\"pt-PT\",\"potentialAction\":[{\"@type\":\"ReadAction\",\"target\":[\"https:\/\/juton.net\/pt\/contato\/\"]}]},{\"@type\":\"BreadcrumbList\",\"@id\":\"https:\/\/juton.net\/pt\/contato\/#breadcrumb\",\"itemListElement\":[{\"@type\":\"ListItem\",\"position\":1,\"name\":\"Inicio\",\"item\":\"https:\/\/juton.net\/pt\/\"},{\"@type\":\"ListItem\",\"position\":2,\"name\":\"Contato\"}]},{\"@type\":\"WebSite\",\"@id\":\"https:\/\/juton.net\/pt\/#website\",\"url\":\"https:\/\/juton.net\/pt\/\",\"name\":\"Juton Accesorios, S.L. - Accesorios Custom, Naked y Racing\",\"description\":\"Accesorios de motos custom, ropa de moto y complementos\",\"potentialAction\":[{\"@type\":\"SearchAction\",\"target\":{\"@type\":\"EntryPoint\",\"urlTemplate\":\"https:\/\/juton.net\/pt\/?s={search_term_string}\"},\"query-input\":\"required name=search_term_string\"}],\"inLanguage\":\"pt-PT\"}]}<\/script>\n<!-- \/ Yoast SEO plugin. -->","yoast_head_json":{"title":"Contato - Juton Accesorios, S.L. - Accesorios Custom, Naked y Racing","robots":{"index":"index","follow":"follow","max-snippet":"max-snippet:-1","max-image-preview":"max-image-preview:large","max-video-preview":"max-video-preview:-1"},"canonical":"https:\/\/juton.net\/pt\/contato\/","og_locale":"pt_PT","og_type":"article","og_title":"Contato - Juton Accesorios, S.L. - Accesorios Custom, Naked y Racing","og_description":"Voc\u00ea nos encontrar\u00e1 em: Preencha o formul\u00e1rio com suas d\u00favidas sobre produtos, distribui\u00e7\u00e3o&#8230; Aceito a pol\u00edtica de privacidade","og_url":"https:\/\/juton.net\/pt\/contato\/","og_site_name":"Juton Accesorios, S.L. - Accesorios Custom, Naked y Racing","article_modified_time":"2023-10-11T11:49:50+00:00","og_image":[{"url":"https:\/\/juton.net\/wp-content\/uploads\/2023\/10\/5849701613_d47be8287b_o-1024x638.jpg"}],"twitter_card":"summary_large_image","twitter_misc":{"Tempo estimado de leitura":"1 minuto"},"schema":{"@context":"https:\/\/schema.org","@graph":[{"@type":"WebPage","@id":"https:\/\/juton.net\/pt\/contato\/","url":"https:\/\/juton.net\/pt\/contato\/","name":"Contato - Juton Accesorios, S.L. - Accesorios Custom, Naked y Racing","isPartOf":{"@id":"https:\/\/juton.net\/pt\/#website"},"datePublished":"2023-10-10T19:18:46+00:00","dateModified":"2023-10-11T11:49:50+00:00","breadcrumb":{"@id":"https:\/\/juton.net\/pt\/contato\/#breadcrumb"},"inLanguage":"pt-PT","potentialAction":[{"@type":"ReadAction","target":["https:\/\/juton.net\/pt\/contato\/"]}]},{"@type":"BreadcrumbList","@id":"https:\/\/juton.net\/pt\/contato\/#breadcrumb","itemListElement":[{"@type":"ListItem","position":1,"name":"Inicio","item":"https:\/\/juton.net\/pt\/"},{"@type":"ListItem","position":2,"name":"Contato"}]},{"@type":"WebSite","@id":"https:\/\/juton.net\/pt\/#website","url":"https:\/\/juton.net\/pt\/","name":"Juton Accesorios, S.L. - Accesorios Custom, Naked y Racing","description":"Accesorios de motos custom, ropa de moto y complementos","potentialAction":[{"@type":"SearchAction","target":{"@type":"EntryPoint","urlTemplate":"https:\/\/juton.net\/pt\/?s={search_term_string}"},"query-input":"required name=search_term_string"}],"inLanguage":"pt-PT"}]}},"_links":{"self":[{"href":"https:\/\/juton.net\/pt\/wp-json\/wp\/v2\/pages\/329","targetHints":{"allow":["GET"]}}],"collection":[{"href":"https:\/\/juton.net\/pt\/wp-json\/wp\/v2\/pages"}],"about":[{"href":"https:\/\/juton.net\/pt\/wp-json\/wp\/v2\/types\/page"}],"author":[{"embeddable":true,"href":"https:\/\/juton.net\/pt\/wp-json\/wp\/v2\/users\/1"}],"replies":[{"embeddable":true,"href":"https:\/\/juton.net\/pt\/wp-json\/wp\/v2\/comments?post=329"}],"version-history":[{"count":7,"href":"https:\/\/juton.net\/pt\/wp-json\/wp\/v2\/pages\/329\/revisions"}],"predecessor-version":[{"id":336,"href":"https:\/\/juton.net\/pt\/wp-json\/wp\/v2\/pages\/329\/revisions\/336"}],"wp:attachment":[{"href":"https:\/\/juton.net\/pt\/wp-json\/wp\/v2\/media?parent=329"}],"curies":[{"name":"wp","href":"https:\/\/api.w.org\/{rel}","templated":true}]}}